{"id":87,"date":"2017-09-16T23:10:38","date_gmt":"2017-09-16T21:10:38","guid":{"rendered":"http:\/\/zupnija-koroska-bela.rkc.si\/?page_id=87"},"modified":"2020-05-31T14:40:57","modified_gmt":"2020-05-31T12:40:57","slug":"zakramenti","status":"publish","type":"page","link":"https:\/\/zupnija-koroska-bela.rkc.si\/index.php\/zakramenti\/","title":{"rendered":"Zakramenti"},"content":{"rendered":"<h2><strong>Sveti krst<\/strong><\/h2>\n<p>Novorojene otroke kr\u0161\u010dujemo navadno v starosti od dveh mesecev do dobrega leta. Podelitev zakramenta svetega krsta otroku najavite vsaj mesec prej pred predvidenim datumom krsta, ki ga to\u010dneje skupaj dolo\u010dimo. Krsti so navadno v nedeljo po 10. sveti ma\u0161i, ob 11. uri v \u017eupnijski cerkvi. Za vpis krsta prinesete izpisek iz mati\u010dne knjige o rojstvu otroka in dru\u017einsko knji\u017eico (\u010de jo imate od sklenitve zakramenta svetega kr\u0161\u010danskega zakona). Liturgi\u010dna priprava za sveti krst je teden prej. Takrat prinesete tudi potrdila botrov, ki ne \u017eivijo v \u017eupniji krsta otroka. Potrdilo o sposobnosti za botra dobi pri doma\u010dem \u017eupniku. Boter je lahko oseba, ki ima dopolnjenih 16 let, ima zakrament birme in je<span style=\"font-size: 1rem;\">\u00a0polnem ob\u010destvu s Cerkvijo. To pomeni, da v veliki stvari ne kr\u0161i nobene od Bo\u017ejih in Cerkvenih zapovedi. Pri obredu krsta potrebujete krstno sve\u010do in belo obla\u010dilo, kar vam ob krstu podari \u017eupnija ali pa priskrbite sami. Ob izbiri imena otroku, izberete tudi krstnega zavetnika, ki je otrokov vzornik in pripro\u0161njik v prizadevanju za svetost in ve\u010dno zveli\u010danje.<\/span><\/p>\n<p>Za krst starej\u0161ega otroka v \u010dasu \u0161olanja poteka priprava pri verouku. Odrasli se navadno uvajajo v kr\u0161\u010danstvo po vsaj enoletnem katehumenatu, v katerem prejmejo vse zakramente uvajanja: sveti krst, sveto birmo in sveto evharistijo. Za\u010detek priprave na prejem zakramentov uvajanja v kr\u0161\u010danstvo je v oktobru, podelitev zakramentov pa na velikono\u010dno vigilijo na veliko soboto zve\u010der.<\/p>\n<h2><strong>Sveta birma<\/strong><\/h2>\n<p>Redno podeljevanje zakramenta svete birme je v 8. in 9. razredu osnovno\u0161olskega verouka. Slovesnost se obhaja na dve leti (ob sodem letu), na zadnjo nedeljo v aprilu ali nedeljo v maju. V smrtni nevarnosti se birma podeli s kratkim obredom. Odrasli se pripravljajo na zakrament v katehumenatu, ki navadno traja od oktobra do velike no\u010di.<\/p>\n<h2><strong>Prvo sveto obhajilo<\/strong><\/h2>\n<p>Redno podeljevanje zakramenta prvega svetega obhajila je v 3. razredu osnovno\u0161olskega verouka. Slovesnost se obhaja vsako leto, drugo ali tretjo nedeljo v maju. V smrtni nevarnosti se podeli s kratkim obredom, kot pri previdevanju bolnikov. Odrasli se pripravljajo na zakrament v katehumenatu, ki navadno traja od oktobra do velike no\u010di.<\/p>\n<h2><strong>Zaroka<\/strong><\/h2>\n<p>Je zakramental oziroma blagoslov. Opravi se na poljubnem kraju. Navadno je na obredu navzo\u010d o\u017eji krog sorodnikov in prijateljev,\u00a0lahko pa samo duhovnik in zaro\u010denca.<\/p>\n<h2><strong>Sveti zakon<\/strong><\/h2>\n<p>Za obhajanje poroke se najavite vsaj mesec prej. Zaro\u010denec, ki je od drugod, mora prinesti krstni-samski list. Mesec pred poroko duhovnik z zaro\u010dencema sestavi zapisnik pred poroko. Liturgi\u010dna vaja je teden pred poro\u010dno slovesnostjo.<\/p>\n<h2><strong>Posve\u010deno \u017eivljenje<\/strong><\/h2>\n<p>Za vpis v bogoslovno semeni\u0161\u010de ali redovno skupnost dobite mnenje in priporo\u010dilo od \u017eupnika. Na voljo je tudi duhovno vodstvo, za la\u017eje razlo\u010devanje poklicanosti.<\/p>\n<h2><strong>Pogreb<\/strong><\/h2>\n<p>Je zakramental, molitev z blagoslovom, ki se obhaja v bogoslu\u017eju bo\u017eje besede. Kmalu po smrti, v dogovoru s pogrebno slu\u017ebo dolo\u010dimo datum in uro pogreba. Podatke o pokojniku in prispevke prinesete v pisarno, po obisku pogrebne slu\u017ebe. Priporo\u010da se obhajanje svete ma\u0161e zadu\u0161nice po pogrebu, ter 7. in 30. dan, ter obletni spomin.<\/p>\n","protected":false},"excerpt":{"rendered":"<p>Sveti krst Novorojene otroke kr\u0161\u010dujemo navadno v starosti od dveh mesecev do dobrega leta. Podelitev zakramenta svetega krsta otroku najavite vsaj mesec prej pred predvidenim datumom krsta, ki ga to\u010dneje skupaj dolo\u010dimo. Krsti so navadno v nedeljo po 10. sveti ma\u0161i, ob 11. uri v \u017eupnijski cerkvi. Za vpis krsta prinesete izpisek iz mati\u010dne knjige &hellip; <\/p>\n<p class=\"link-more\"><a href=\"https:\/\/zupnija-koroska-bela.rkc.si\/index.php\/zakramenti\/\" class=\"more-link\">Preberi ve\u010d<span class=\"screen-reader-text\"> &#8220;Zakramenti&#8221;<\/span><\/a><\/p>\n","protected":false},"author":1,"featured_media":0,"parent":0,"menu_order":4,"comment_status":"closed","ping_status":"closed","template":"","meta":{"footnotes":""},"class_list":["post-87","page","type-page","status-publish","hentry"],"_links":{"self":[{"href":"https:\/\/zupnija-koroska-bela.rkc.si\/index.php\/wp-json\/wp\/v2\/pages\/87","targetHints":{"allow":["GET"]}}],"collection":[{"href":"https:\/\/zupnija-koroska-bela.rkc.si\/index.php\/wp-json\/wp\/v2\/pages"}],"about":[{"href":"https:\/\/zupnija-koroska-bela.rkc.si\/index.php\/wp-json\/wp\/v2\/types\/page"}],"author":[{"embeddable":true,"href":"https:\/\/zupnija-koroska-bela.rkc.si\/index.php\/wp-json\/wp\/v2\/users\/1"}],"replies":[{"embeddable":true,"href":"https:\/\/zupnija-koroska-bela.rkc.si\/index.php\/wp-json\/wp\/v2\/comments?post=87"}],"version-history":[{"count":12,"href":"https:\/\/zupnija-koroska-bela.rkc.si\/index.php\/wp-json\/wp\/v2\/pages\/87\/revisions"}],"predecessor-version":[{"id":524,"href":"https:\/\/zupnija-koroska-bela.rkc.si\/index.php\/wp-json\/wp\/v2\/pages\/87\/revisions\/524"}],"wp:attachment":[{"href":"https:\/\/zupnija-koroska-bela.rkc.si\/index.php\/wp-json\/wp\/v2\/media?parent=87"}],"curies":[{"name":"wp","href":"https:\/\/api.w.org\/{rel}","templated":true}]}}