{"id":81,"date":"2017-09-16T22:42:06","date_gmt":"2017-09-16T20:42:06","guid":{"rendered":"http:\/\/zupnija-koroska-bela.rkc.si\/?page_id=81"},"modified":"2020-09-25T22:41:14","modified_gmt":"2020-09-25T20:41:14","slug":"povezave","status":"publish","type":"page","link":"https:\/\/zupnija-koroska-bela.rkc.si\/index.php\/povezave\/","title":{"rendered":"Povezave"},"content":{"rendered":"<p><a href=\"https:\/\/www.facebook.com\/zupnija.koroskabela.jesenice\" target=\"_blank\" rel=\"noopener noreferrer\">\u017dupnija na Facebook-u<\/a><br \/>\n<br \/>\n<a href=\"http:\/\/katoliska-cerkev.si\/\" target=\"_blank\" rel=\"noopener noreferrer\">Katoli\u0161ka Cerkev<\/a><br \/>\n<br \/>\n<a href=\"http:\/\/www.biblija.net\/biblija.cgi?l=sl\" target=\"_blank\" rel=\"noopener noreferrer\">Sveto pismo na internetu<\/a><br \/>\n<a href=\"http:\/\/www.vatican.va\/archive\/compendium_ccc\/documents\/archive_2005_compendium-ccc_sl.html\" target=\"_blank\" rel=\"noopener noreferrer\">Kompendij &#8211; povzetek Katekizma Katoli\u0161ke Cerkve<\/a><br \/>\n<a href=\"http:\/\/svetniki.org\/\" target=\"_blank\" rel=\"noopener noreferrer\">Svetniki, krstni zavetniki<\/a><br \/>\n<a href=\"http:\/\/katoliska-cerkev.si\/slomskovo-bralno-priznanje-201718\" target=\"_blank\" rel=\"noopener noreferrer\">Slom\u0161kovo bralno priznanje<\/a><\/p>\n","protected":false},"excerpt":{"rendered":"<p>\u017dupnija na Facebook-u Katoli\u0161ka Cerkev Sveto pismo na internetu Kompendij &#8211; povzetek Katekizma Katoli\u0161ke Cerkve Svetniki, krstni zavetniki Slom\u0161kovo bralno priznanje<\/p>\n","protected":false},"author":1,"featured_media":0,"parent":0,"menu_order":5,"comment_status":"closed","ping_status":"closed","template":"","meta":{"footnotes":""},"class_list":["post-81","page","type-page","status-publish","hentry"],"_links":{"self":[{"href":"https:\/\/zupnija-koroska-bela.rkc.si\/index.php\/wp-json\/wp\/v2\/pages\/81","targetHints":{"allow":["GET"]}}],"collection":[{"href":"https:\/\/zupnija-koroska-bela.rkc.si\/index.php\/wp-json\/wp\/v2\/pages"}],"about":[{"href":"https:\/\/zupnija-koroska-bela.rkc.si\/index.php\/wp-json\/wp\/v2\/types\/page"}],"author":[{"embeddable":true,"href":"https:\/\/zupnija-koroska-bela.rkc.si\/index.php\/wp-json\/wp\/v2\/users\/1"}],"replies":[{"embeddable":true,"href":"https:\/\/zupnija-koroska-bela.rkc.si\/index.php\/wp-json\/wp\/v2\/comments?post=81"}],"version-history":[{"count":5,"href":"https:\/\/zupnija-koroska-bela.rkc.si\/index.php\/wp-json\/wp\/v2\/pages\/81\/revisions"}],"predecessor-version":[{"id":547,"href":"https:\/\/zupnija-koroska-bela.rkc.si\/index.php\/wp-json\/wp\/v2\/pages\/81\/revisions\/547"}],"wp:attachment":[{"href":"https:\/\/zupnija-koroska-bela.rkc.si\/index.php\/wp-json\/wp\/v2\/media?parent=81"}],"curies":[{"name":"wp","href":"https:\/\/api.w.org\/{rel}","templated":true}]}}