{"id":51,"date":"2017-09-11T12:04:15","date_gmt":"2017-09-11T10:04:15","guid":{"rendered":"http:\/\/zupnija-koroska-bela.rkc.si\/?page_id=51"},"modified":"2026-01-10T21:18:11","modified_gmt":"2026-01-10T19:18:11","slug":"podatki-o-zupniji","status":"publish","type":"page","link":"https:\/\/zupnija-koroska-bela.rkc.si\/","title":{"rendered":"O \u017eupniji"},"content":{"rendered":"<p style=\"text-align: center;\" align=\"CENTER\"><span style=\"font-family: Trebuchet MS,sans-serif;\"><span style=\"font-size: x-large;\"><b>Nad\u0161kofija Ljubljana<\/b><\/span><\/span><\/p>\n<p style=\"text-align: center;\" align=\"CENTER\"><span style=\"font-family: Arial,sans-serif;\"><span style=\"font-size: large;\"><b>Dekanija Radovljica<\/b><\/span><\/span><\/p>\n<p style=\"text-align: center;\" align=\"CENTER\"><span style=\"font-family: Times New Roman,serif;\"><span style=\"font-size: 300%;\"><b>\u017dUPNIJA KORO\u0160KA BELA<\/b><\/span><\/span><\/p>\n<p style=\"text-align: center;\"><strong><big>\u017dupnik<\/big><\/strong><br \/>\nPeter Nastran<\/p>\n<p style=\"text-align: center;\"><strong><big>Naslov<\/big><\/strong><br \/>\nGorska pot 2<br \/>\n4720 Jesenice<\/p>\n<p style=\"text-align: center;\"><strong><big>Svete ma\u0161e<\/big><\/strong><br \/>\nNedeljske svete ma\u0161e so ob 9:30 uri, v soboto ob 18h.<br \/>\nMed tednom:\u00a0 v \u010detrtek in petek ob 18h, druge dni je pogosto sveta ma\u0161a na Jesenicah.<em><br \/>\n<a title=\"Tedenska oznanila\" href=\"http:\/\/zupnija-koroska-bela.rkc.si\/index.php\/aktualno\/\"><strong><em>Aktualni urnik svetih ma\u0161.<\/em><\/strong><\/a><\/em><\/p>\n<p style=\"text-align: center;\"><strong><big>Kontakt<\/big><\/strong><br \/>\nTelefon: 041 582 429<br \/>\nE-Po\u0161ta: zupnija.koroska.bela@gmail.com,\u00a0 zupnija.koroska.bela@rkc.si<br \/>\nWww: http:\/\/zupnija-koroska-bela.rkc.si<br \/>\nUradne ure so po svetih ma\u0161ah. \u00a0Za gotovost se prej najavite.<\/p>\n<p style=\"text-align: center;\"><strong><big>Ostali podatki<\/big><\/strong><br \/>\nOb\u010dina: Jesenice<br \/>\nMati\u010dna \u0161tevilka: 1738674<br \/>\nDav\u010dni zavezanec: NE<br \/>\nDav\u010dna \u0161tevilka: 77707354<br \/>\nKategorija: S 94.910 DEJAVNOST VERSKIH ORGANIZACIJ<br \/>\nIBAN: SI56 1917 0501 3073 412, <em>De\u017eelna banka<\/em>\u00a0Slovenije d.d., SZKBSI2X.<br \/>\nZA SVETE MA\u0160E, DAR \u017dUPNIKU (\u010cE NE MORETE ALI NE \u017dELITE OSEBNO): SI56 0201 0275 8953 894, <em>Nova Ljubljanska banka d.d<\/em><br \/>\nLJBASI2X, Gorska pot 2, 4270 Jesenice<\/p>\n<p style=\"text-align: center;\"><strong><big>Kako do nas<\/big><\/strong><br \/>\n<iframe loading=\"lazy\" style=\"border: 0;\" src=\"https:\/\/www.google.com\/maps\/embed?pb=!1m28!1m12!1m3!1d353196.2446793039!2d14.019168495499617!3d46.24335572368406!2m3!1f0!2f0!3f0!3m2!1i1024!2i768!4f13.1!4m13!3e6!4m5!1s0x476531f5969886d1%3A0x400f81c823fec20!2sLjubljana!3m2!1d46.056946499999995!2d14.505751499999999!4m5!1s0x477a9a6f994d3631%3A0x4bb7a536edf9db30!2s%C5%BDupnija+Koro%C5%A1ka+Bela%2C+Gorska+pot+2%2C+4270+Jesenice!3m2!1d46.429476699999995!2d14.10051!5e0!3m2!1sen!2ssi!4v1505118881697\" width=\"600\" height=\"450\" frameborder=\"0\" allowfullscreen=\"allowfullscreen\"><\/iframe><br \/>\n<a href=\"https:\/\/www.google.si\/maps\/dir\/Ljubljana\/%C5%BDupnija+Koro%C5%A1ka+Bela,+Gorska+pot+2,+4270+Jesenice\/@46.2433557,14.0191685,10z\/data=!3m1!4b1!4m13!4m12!1m5!1m1!1s0x476531f5969886d1:0x400f81c823fec20!2m2!1d14.5057515!2d46.0569465!1m5!1m1!1s0x477a9a6f994d3631:0x4bb7a536edf9db30!2m2!1d14.10051!2d46.4294767?hl=en\">Poka\u017ei ve\u010dji zemljevid<\/a><\/p>\n","protected":false},"excerpt":{"rendered":"<p>Nad\u0161kofija Ljubljana Dekanija Radovljica \u017dUPNIJA KORO\u0160KA BELA \u017dupnik Peter Nastran Naslov Gorska pot 2 4720 Jesenice Svete ma\u0161e Nedeljske svete ma\u0161e so ob 9:30 uri, v soboto ob 18h. Med tednom:\u00a0 v \u010detrtek in petek ob 18h, druge dni je pogosto sveta ma\u0161a na Jesenicah. Aktualni urnik svetih ma\u0161. Kontakt Telefon: 041 582 429 E-Po\u0161ta: &hellip; <\/p>\n<p class=\"link-more\"><a href=\"https:\/\/zupnija-koroska-bela.rkc.si\/\" class=\"more-link\">Preberi ve\u010d<span class=\"screen-reader-text\"> &#8220;O \u017eupniji&#8221;<\/span><\/a><\/p>\n","protected":false},"author":1,"featured_media":0,"parent":0,"menu_order":0,"comment_status":"closed","ping_status":"closed","template":"","meta":{"footnotes":""},"class_list":["post-51","page","type-page","status-publish","hentry"],"_links":{"self":[{"href":"https:\/\/zupnija-koroska-bela.rkc.si\/index.php\/wp-json\/wp\/v2\/pages\/51","targetHints":{"allow":["GET"]}}],"collection":[{"href":"https:\/\/zupnija-koroska-bela.rkc.si\/index.php\/wp-json\/wp\/v2\/pages"}],"about":[{"href":"https:\/\/zupnija-koroska-bela.rkc.si\/index.php\/wp-json\/wp\/v2\/types\/page"}],"author":[{"embeddable":true,"href":"https:\/\/zupnija-koroska-bela.rkc.si\/index.php\/wp-json\/wp\/v2\/users\/1"}],"replies":[{"embeddable":true,"href":"https:\/\/zupnija-koroska-bela.rkc.si\/index.php\/wp-json\/wp\/v2\/comments?post=51"}],"version-history":[{"count":11,"href":"https:\/\/zupnija-koroska-bela.rkc.si\/index.php\/wp-json\/wp\/v2\/pages\/51\/revisions"}],"predecessor-version":[{"id":1074,"href":"https:\/\/zupnija-koroska-bela.rkc.si\/index.php\/wp-json\/wp\/v2\/pages\/51\/revisions\/1074"}],"wp:attachment":[{"href":"https:\/\/zupnija-koroska-bela.rkc.si\/index.php\/wp-json\/wp\/v2\/media?parent=51"}],"curies":[{"name":"wp","href":"https:\/\/api.w.org\/{rel}","templated":true}]}}