{"id":222,"date":"2017-11-15T20:51:15","date_gmt":"2017-11-15T18:51:15","guid":{"rendered":"http:\/\/zupnija-koroska-bela.rkc.si\/?page_id=222"},"modified":"2021-03-24T21:07:27","modified_gmt":"2021-03-24T19:07:27","slug":"pritrkovalci","status":"publish","type":"page","link":"https:\/\/zupnija-koroska-bela.rkc.si\/index.php\/pritrkovalci\/","title":{"rendered":"Kratka zgodovina zvonika in o pritrkovalcih"},"content":{"rendered":"<h2>KRATKA ZGODOVINA ZVONIKA NA KORO\u0160KI BELI<\/h2>\n<p>Do prve svetovne vojne so bili v zvoniku na Koro\u0161ki Beli \u0161e bronasti zvonovi. Med prvo svetovno vojno so jih avstrijski vojaki sneli in jih odpeljali za pretopitev v topove. Veliki zvon je bil snet 7. novembra 1916, srednji pa leta 1917. Zanju so dobili 3676 in 2200 kron od\u0161kodnine. Mali zvon je \u0161e ostal, vendar pa je bil zaradi ognja tako po\u0161kodovan, da ga niso mogli uporabiti.(2. junija 1875 je strela udarila v cerkev, ubila takratnega \u017eupnika Josipa Plemlja, znanega botanika; pogorela pa sta tudi zvonik in streha). Ti zvonovi so bili bronasti, z glasovi&amp;nbsp; D-FIS-A. Pripeljali so jih leta 1802 iz livarne Janeza Jakoba Samassa v Ljubljani.<\/p>\n<p><img loading=\"lazy\" decoding=\"async\" class=\"alignnone size-full wp-image-227\" src=\"http:\/\/zupnija-koroska-bela.rkc.si\/wp-content\/uploads\/2017\/11\/ZVONOVI1916.jpg\" alt=\"\" width=\"4472\" height=\"6826\" srcset=\"https:\/\/zupnija-koroska-bela.rkc.si\/wp-content\/uploads\/2017\/11\/ZVONOVI1916.jpg 4472w, https:\/\/zupnija-koroska-bela.rkc.si\/wp-content\/uploads\/2017\/11\/ZVONOVI1916-197x300.jpg 197w, https:\/\/zupnija-koroska-bela.rkc.si\/wp-content\/uploads\/2017\/11\/ZVONOVI1916-768x1172.jpg 768w, https:\/\/zupnija-koroska-bela.rkc.si\/wp-content\/uploads\/2017\/11\/ZVONOVI1916-671x1024.jpg 671w\" sizes=\"auto, (max-width: 767px) 89vw, (max-width: 1000px) 54vw, (max-width: 1071px) 543px, 580px\" \/><\/p>\n<p>14. avgusta 1917 so italijanska letala bombandirala vas, ki je v celoti pogorela, s cerkvijo vred. Spet je bilo potrebno desetletje, da sta bila obnovljena zvonik in streha. V marcu 1920 so bili nabavljeni trije \u017eelezni zvonovi, te\u017eki 1300, 600 in 400 kg, ki so jih vlili v \u017delezarni Jesenice pod vodstvom livarskega mojstra Franca Torkarja st. Leta 1947 je bilo v zvoniku dotrajano smrekovo ogrodje za zvonove nadome\u0161\u010deno s hrastovim. Zvonovi so dobili nove jarme in te\u010daje, betice (bat, s katerim se udarja po zvonovih) pa so bile na novo kaljene. Delo je potekalo pod vodstvom urarskega mojstra Jurija Oblaka iz Lu\u010din nad \u0160kofjo Loko. Hraste so darovali in spravili v zvonik \u017eupljani pod vodstvom Jerneja Koni\u010da s Koro\u0161ke Bele. \u017delezni zvonovi so naznanjali vesele in \u017ealostne dogodke faranom do 13. novembra 1986, ko so jih sneli. Veliki zvon so odpeljali v Dragatu\u0161, malega pa v Lesce.<\/p>\n<p><img loading=\"lazy\" decoding=\"async\" class=\"wp-image-229 size-full aligncenter\" src=\"http:\/\/zupnija-koroska-bela.rkc.si\/wp-content\/uploads\/2017\/11\/zvon_inal.jpg\" alt=\"\" width=\"300\" height=\"400\" srcset=\"https:\/\/zupnija-koroska-bela.rkc.si\/wp-content\/uploads\/2017\/11\/zvon_inal.jpg 300w, https:\/\/zupnija-koroska-bela.rkc.si\/wp-content\/uploads\/2017\/11\/zvon_inal-225x300.jpg 225w\" sizes=\"auto, (max-width: 300px) 100vw, 300px\" \/><\/p>\n<p>16. novembra 1986 je g. nad\u0161kof dr. Alojzij \u0160u\u0161tar blagoslovil in posvetil nove bronaste zvonove, ki so jih vlili v \u017dalcu. Prvi zvon ima glas D in tehta 1200 kg, posve\u010den je sv. Ingenuinu in Albuinu in ima napis &#8220;Treska in hudega vremena varuj nas, o Gospod&#8221;. Drugi zvon z glasom F, ki tehta 716 kg ima napis &#8220;Marija kraljica miru, prosi za nas&#8221;. Tretji zvon ima glas G ter tehta 520 kg, na njem pa je zapisana pro\u0161nja: &#8220;Sv. Jo\u017eef, varuh dru\u017ein, prosi za nas&#8221;. \u010cetrti, najmanj\u0161i zvon, ima glas B, tehta 326 kg in ima napis: &#8220;Sv. Barbara, pripro\u0161nica za sre\u010dno zadnjo uro, prosi za nas&#8221;. Melodija zvonov je vzeta iz opere Parsifal. Zvonovi so iz zlitine PCuZn10Si. Nove zvonove, ki so bili posve\u010deni na nedeljo, je pripeljal na Koro\u0161ko Belo \u0161ofer Janko \u017ee v \u010detrtek. Sprejeli in okrasili so jih na Potokih, ki so vrata v \u017eupnijo. Do nedelje si je zvonove, ki so viseli pred glavnim vhodom v cerkev, ogledalo veliko ljudi. Po posvetitvi, v nedeljo 16. novembra 1986, so zvonove potegnili v zvonik in ob dvanajsti uri za\u010deli z njimi pritrkavati.<\/p>\n<p><img loading=\"lazy\" decoding=\"async\" class=\"size-full wp-image-230 aligncenter\" src=\"http:\/\/zupnija-koroska-bela.rkc.si\/wp-content\/uploads\/2017\/11\/zvon_jozef.jpg\" alt=\"\" width=\"300\" height=\"400\" srcset=\"https:\/\/zupnija-koroska-bela.rkc.si\/wp-content\/uploads\/2017\/11\/zvon_jozef.jpg 300w, https:\/\/zupnija-koroska-bela.rkc.si\/wp-content\/uploads\/2017\/11\/zvon_jozef-225x300.jpg 225w\" sizes=\"auto, (max-width: 300px) 100vw, 300px\" \/><\/p>\n<p>Prvi resni za\u010detki pritrkavanja na Koro\u0161ki Beli segajo v leto 1982. Prvi, ki so pritrkavali \u0161e na tri \u017eelezne zvonove, so bili: Du\u0161an Klinar, Peter Razinger, Zdravko Klinar, Janez Zupan\u010di\u010d in Jo\u017ee Remar. Pred tem \u010dasom pa so zvonili me\u017enarji. Velik dan za pritrkovalce na Koro\u0161ki Beli je bil 16. november 1986, ko so trije \u017eelezni zvonovi umaknili \u0161tirim novim bronastim zvonovom, ki imajo veliko lep\u0161i glas.Po letu 1986 so se pritrkovalcem pridru\u017eili \u0161e : Klemen Razingar, Marko Zupan\u010di\u010d, Matja\u017e Strgar, Miha Zupan\u010di\u010d, Bla\u017e Zupan\u010di\u010d, Mihael \u0160mid in v lanskem letu \u0161e An\u017ee Mu\u017ean. Od prvih pritrkovalcev sta aktivna \u0161e Du\u0161an Klinar in Peter Razinger, dva sta pokojna, eden pa je s pritrkavanjem prenehal.V zadnjih letih pa so se pritrkovalcem pridru\u017eila tudi \u0161tiri dekleta: Veronika Zupan\u010di\u010d, Monika Klinar, Alenka Klinar in Petra Klinar.Fantje se \u017ee deset let udele\u017eujejo pritrkovalskih sre\u010danj, ki so vsako leto v drugi \u017eupniji, dekleta pa so se letnega sre\u010danja pritrkovalcev&amp;nbsp; prvi\u010d udele\u017eile v lanskem letu. 6. septembra 1998 pa nam je pritrkovalski kro\u017eek slovenskih bogoslovcev zaupal organizacijo vseslovenskega sre\u010danja, na katerega so bili povabljeni predstavniki pritrkovalcev iz cele Slovenije.Tudi v tem letu se bomo udele\u017eili sre\u010danja pritrkovalcev, ki bo 21. maja v \u017eupniji Lom pod Stor\u017ei\u010dem.<br \/>\nV zvoniku pritrkavamo za vse pomembne cerkvene praznike: bo\u017ei\u010d, velika no\u010d, zapovedani prazniki, birme, nove ma\u0161e, cerkvene poroke &#8230; V\u010dasih pa smo kot gostje povabljeni tudi v druge \u017eupnije.<\/p>\n<p>Zbrala in zapisala: Marko Zupan\u010di\u010d in Branko \u010cu\u0161in st.<\/p>\n<p><img loading=\"lazy\" decoding=\"async\" class=\"size-full wp-image-231 aligncenter\" src=\"http:\/\/zupnija-koroska-bela.rkc.si\/wp-content\/uploads\/2017\/11\/pritrk1.jpg\" alt=\"\" width=\"400\" height=\"300\" srcset=\"https:\/\/zupnija-koroska-bela.rkc.si\/wp-content\/uploads\/2017\/11\/pritrk1.jpg 400w, https:\/\/zupnija-koroska-bela.rkc.si\/wp-content\/uploads\/2017\/11\/pritrk1-300x225.jpg 300w\" sizes=\"auto, (max-width: 400px) 100vw, 400px\" \/><\/p>\n<p><img loading=\"lazy\" decoding=\"async\" class=\"size-full wp-image-233 alignright\" src=\"http:\/\/zupnija-koroska-bela.rkc.si\/wp-content\/uploads\/2017\/11\/pritrk4.jpg\" alt=\"\" width=\"400\" height=\"300\" srcset=\"https:\/\/zupnija-koroska-bela.rkc.si\/wp-content\/uploads\/2017\/11\/pritrk4.jpg 400w, https:\/\/zupnija-koroska-bela.rkc.si\/wp-content\/uploads\/2017\/11\/pritrk4-300x225.jpg 300w\" sizes=\"auto, (max-width: 400px) 100vw, 400px\" \/><img loading=\"lazy\" decoding=\"async\" class=\"alignnone size-full wp-image-232\" src=\"http:\/\/zupnija-koroska-bela.rkc.si\/wp-content\/uploads\/2017\/11\/pritrk3.jpg\" alt=\"\" width=\"400\" height=\"300\" srcset=\"https:\/\/zupnija-koroska-bela.rkc.si\/wp-content\/uploads\/2017\/11\/pritrk3.jpg 400w, https:\/\/zupnija-koroska-bela.rkc.si\/wp-content\/uploads\/2017\/11\/pritrk3-300x225.jpg 300w\" sizes=\"auto, (max-width: 400px) 100vw, 400px\" \/><\/p>\n<p><img loading=\"lazy\" decoding=\"async\" class=\"size-full wp-image-235 aligncenter\" src=\"http:\/\/zupnija-koroska-bela.rkc.si\/wp-content\/uploads\/2017\/11\/pritrk6.jpg\" alt=\"\" width=\"400\" height=\"300\" srcset=\"https:\/\/zupnija-koroska-bela.rkc.si\/wp-content\/uploads\/2017\/11\/pritrk6.jpg 400w, https:\/\/zupnija-koroska-bela.rkc.si\/wp-content\/uploads\/2017\/11\/pritrk6-300x225.jpg 300w\" sizes=\"auto, (max-width: 400px) 100vw, 400px\" \/><\/p>\n<p><img loading=\"lazy\" decoding=\"async\" class=\"alignnone size-full wp-image-236\" src=\"http:\/\/zupnija-koroska-bela.rkc.si\/wp-content\/uploads\/2017\/11\/pritrk7.jpg\" alt=\"\" width=\"400\" height=\"300\" srcset=\"https:\/\/zupnija-koroska-bela.rkc.si\/wp-content\/uploads\/2017\/11\/pritrk7.jpg 400w, https:\/\/zupnija-koroska-bela.rkc.si\/wp-content\/uploads\/2017\/11\/pritrk7-300x225.jpg 300w\" sizes=\"auto, (max-width: 400px) 100vw, 400px\" \/><\/p>\n<p><img loading=\"lazy\" decoding=\"async\" class=\"size-full wp-image-237 alignright\" src=\"http:\/\/zupnija-koroska-bela.rkc.si\/wp-content\/uploads\/2017\/11\/pritrk8.jpg\" alt=\"\" width=\"300\" height=\"400\" srcset=\"https:\/\/zupnija-koroska-bela.rkc.si\/wp-content\/uploads\/2017\/11\/pritrk8.jpg 300w, https:\/\/zupnija-koroska-bela.rkc.si\/wp-content\/uploads\/2017\/11\/pritrk8-225x300.jpg 225w\" sizes=\"auto, (max-width: 300px) 100vw, 300px\" \/><img loading=\"lazy\" decoding=\"async\" class=\"size-full wp-image-238 aligncenter\" src=\"http:\/\/zupnija-koroska-bela.rkc.si\/wp-content\/uploads\/2017\/11\/pritrk2.jpg\" alt=\"\" width=\"300\" height=\"400\" srcset=\"https:\/\/zupnija-koroska-bela.rkc.si\/wp-content\/uploads\/2017\/11\/pritrk2.jpg 300w, https:\/\/zupnija-koroska-bela.rkc.si\/wp-content\/uploads\/2017\/11\/pritrk2-225x300.jpg 225w\" sizes=\"auto, (max-width: 300px) 100vw, 300px\" \/><\/p>\n<p>&nbsp;<\/p>\n<p>&nbsp;<\/p>\n<p>&nbsp;<\/p>\n","protected":false},"excerpt":{"rendered":"<p>KRATKA ZGODOVINA ZVONIKA NA KORO\u0160KI BELI Do prve svetovne vojne so bili v zvoniku na Koro\u0161ki Beli \u0161e bronasti zvonovi. Med prvo svetovno vojno so jih avstrijski vojaki sneli in jih odpeljali za pretopitev v topove. Veliki zvon je bil snet 7. novembra 1916, srednji pa leta 1917. Zanju so dobili 3676 in 2200 kron &hellip; <\/p>\n<p class=\"link-more\"><a href=\"https:\/\/zupnija-koroska-bela.rkc.si\/index.php\/pritrkovalci\/\" class=\"more-link\">Preberi ve\u010d<span class=\"screen-reader-text\"> &#8220;Kratka zgodovina zvonika in o pritrkovalcih&#8221;<\/span><\/a><\/p>\n","protected":false},"author":2,"featured_media":0,"parent":0,"menu_order":0,"comment_status":"closed","ping_status":"closed","template":"","meta":{"footnotes":""},"class_list":["post-222","page","type-page","status-publish","hentry"],"_links":{"self":[{"href":"https:\/\/zupnija-koroska-bela.rkc.si\/index.php\/wp-json\/wp\/v2\/pages\/222","targetHints":{"allow":["GET"]}}],"collection":[{"href":"https:\/\/zupnija-koroska-bela.rkc.si\/index.php\/wp-json\/wp\/v2\/pages"}],"about":[{"href":"https:\/\/zupnija-koroska-bela.rkc.si\/index.php\/wp-json\/wp\/v2\/types\/page"}],"author":[{"embeddable":true,"href":"https:\/\/zupnija-koroska-bela.rkc.si\/index.php\/wp-json\/wp\/v2\/users\/2"}],"replies":[{"embeddable":true,"href":"https:\/\/zupnija-koroska-bela.rkc.si\/index.php\/wp-json\/wp\/v2\/comments?post=222"}],"version-history":[{"count":8,"href":"https:\/\/zupnija-koroska-bela.rkc.si\/index.php\/wp-json\/wp\/v2\/pages\/222\/revisions"}],"predecessor-version":[{"id":619,"href":"https:\/\/zupnija-koroska-bela.rkc.si\/index.php\/wp-json\/wp\/v2\/pages\/222\/revisions\/619"}],"wp:attachment":[{"href":"https:\/\/zupnija-koroska-bela.rkc.si\/index.php\/wp-json\/wp\/v2\/media?parent=222"}],"curies":[{"name":"wp","href":"https:\/\/api.w.org\/{rel}","templated":true}]}}