{"id":163,"date":"2017-10-10T14:58:56","date_gmt":"2017-10-10T12:58:56","guid":{"rendered":"http:\/\/zupnija-koroska-bela.rkc.si\/?page_id=163"},"modified":"2025-03-27T14:43:31","modified_gmt":"2025-03-27T12:43:31","slug":"karitas","status":"publish","type":"page","link":"https:\/\/zupnija-koroska-bela.rkc.si\/index.php\/karitas\/","title":{"rendered":"\u017dupnijska Karitas"},"content":{"rendered":"<h3><strong><em>&#8220;Karkoli ste storili enemu teh mojih najmanj\u0161ih bratov, <\/em><\/strong><strong><em>ste meni storili.&#8221; (Mt 25,40)<\/em><\/strong><\/h3>\n<h1>\u017dupnijska Karitas Koro\u0161ka Bela<\/h1>\n<p>\u017dupnijska Karitas Koro\u0161ka Bela, ki uresni\u010duje karitativno in socialno poslanstvo Cerkve, je s 1. novembrom 2009 pri\u010dela s samostojno karitativno dejavnostjo. Trenutno je vanjo vklju\u010denih 11 sodelavk. Na\u0161e vodilo je pomagati ljudem v stiski. \u017dupnijska Karitas nudi pomo\u010d krajanom Koro\u0161ke Bele, Slovenskega Javornika, Javorni\u0161kega Rovta in Potokov. Po svojih mo\u010deh posku\u0161amo pomagati vsem, ki se obrnejo na nas.<\/p>\n<h1>Osnovni podatki:<\/h1>\n<p><strong>Naslov:<\/strong> \u017dupnijska Karitas Koro\u0161ka Bela<\/p>\n<p>Gorska pot 2<\/p>\n<p>4272 Jesenice<\/p>\n<p><strong>Predsednik<\/strong>: Peter Nastran<\/p>\n<p><strong>Tajnica:<\/strong> Pavla Lavrinec<\/p>\n<p><strong>Telefon:<\/strong> 040 638 119<\/p>\n<p><strong>E-po\u0161ta:<\/strong> karitaskorbela@gmail.com<\/p>\n<p><strong>E-po\u0161ta:<\/strong> gore@jesenice.net<\/p>\n<p>TRR: SI56 6100 0002 5088 912 , odprt pri Delavska hranilnica d.d., SWIFT BIC KODA: HDELSI22<\/p>\n<p><strong>Uradne ure:<\/strong> vsako 1. in 3. sredo v mesecu od 17. do 18. ure<\/p>\n<h1><strong>Potrebujete pomo\u010d?<\/strong><\/h1>\n<p>\u010ce potrebujete pomo\u010d, se oglasite v pisarni na\u0161e Karitas v \u010dasu uradnih ur. Pomembno je osebno sre\u010danje med prosilcem in sodelavkami Karitas. Tako nam lahko predstavite svoje te\u017eave in pri\u010dakovanja, mi pa vam bomo posku\u0161ali pomagati v okviru mo\u017enosti, ki jih imamo. Pri dodeljevanju materialne pomo\u010di moramo upo\u0161tevati t.i. premo\u017eenjski cenzus (mese\u010dni prejemki na \u010dlana), ki je opredeljen v Pravilniku Karitas o kriterijih za materialno pomo\u010d socialno ogro\u017eenim dru\u017einam in posameznikom.<\/p>\n<p>Na\u0161i prostori so v stavbi za \u017eupni\u0161\u010dem na Koro\u0161ki Beli, Gorska pot 2. Tam je tudi uradni sede\u017e na\u0161e \u017dupnijske Karitas.<\/p>\n<p>Uradne ure za prosilce so vsako prvo in tretjo sredo v mesecu popoldne od 17.00 do 18.00 ure.<\/p>\n<p>O terminih razdeljevanja prehrambenih paketov na\u0161e prosilce sproti obve\u0161\u010damo.<\/p>\n<h1>Delovanje \u017eupnijske Karitas Koro\u0161ka Bela:<\/h1>\n<ul>\n<li>Vsaj dvakrat letno obi\u0161\u010demo starej\u0161e v na\u0161i \u017eupniji in jih razveseljujemo s pogovori;<\/li>\n<li>prvo ali drugo nedeljo v septembru pripravimo sre\u010danja bolnih in ostarelih s sveto ma\u0161o in pogostitvijo po njej;<\/li>\n<li>v sodelovanju s Farnim kulturnim dru\u0161tvom Koro\u0161ka Bela organizirano obisk sv. Miklav\u017ea;<\/li>\n<li>dru\u017einam in posameznikom razdeljujemo prehrambene pakete, ki jih prejmemo iz \u0160kofijske Karitas Ljubljana in evropskih zalog;<\/li>\n<li>pomagamo dru\u017einam in posameznikom pri pridobivanju sredstev iz akcij Slovenske Karitas;<\/li>\n<li>po potrebi poravnamo polo\u017enice za stanovanjske stro\u0161ke (stanarina, ogrevanje, elektrika, komunalne storitve) in polo\u017enice za otroke, (malica, \u0161ola v naravi&#8230;) v kolikor nam dopu\u0161\u010dajo sredstva.<\/li>\n<\/ul>\n<p>Delovanje \u017eupnijske Karitas Koro\u0161ka Bela temelji na prostovoljnem delu sodelavk Karitas ter na darovih dobrotnikov. Del sredstev prispevata tudi Ob\u010dina Jesenice in Farno kulturno dru\u0161tvo Koro\u0161ka Bela. Prehrambene pakete pa dobimo iz \u0160kofijske Karitas Ljubljana.<\/p>\n<p>V imenu na\u0161ih prosilcev hvala vsem.<\/p>\n<h1><strong>Bi nam radi pomagali?<\/strong><\/h1>\n<p>Z veseljem bomo sprejeli va\u0161e pobude za pomo\u010d ljudem v stiski. Veseli bomo tudi, \u010de postanete na\u0161i sodelavci.<\/p>\n<p>Pomagate nam lahko tudi s prostovoljnimi prispevki. Darove lahko oddaste v cerkvi, v nabiralnik z napisom Karitas ali pa naka\u017eete na na\u0161 transakcijski ra\u010dun SI56 6100 0002 5088 912 , odprt pri Delavska hranilnica d.d. Va\u0161i denarni prispevki bodo pomagali, da bomo \u0161e naprej lahko bla\u017eili materialno stisko dru\u017ein in posameznikov.<br \/>\n<!--- staro\n\n\n<h2><strong>\u017dupnijska Karitas Koro\u0161ka Bela<\/strong><\/h2>\n\n\nObve\u0161\u010damo vas, da je na\u0161a \u017dupnijska Karitas Koro\u0161ka Bela s 1. novembrom 2009 pri\u010dela s samostojno karitativno dejavnostjo, ki vklju\u010duje tudi razdeljevanje prehrambenih paketov.\nPomo\u010d bomo nudili krajanom Koro\u0161ke Bele, Slovenskega Javornika in Javorni\u0161kega Rovta, zato smo prosilce s tega podro\u010dja \u017ee prevzeli od \u017dupnijske Karitas Jesenice.\nNa\u0161i prostori so v stavbi ob \u017eupni\u0161\u010du na Koro\u0161ki Beli, Gorska pot 2, kjer je tudi uradni sede\u017e na\u0161e \u017dupnijske Karitas.\nUradne ure za prosilce bodo vsako prvo sredo v mesecu popoldne od 16.00 do 18.00 ure.\nDatum in ura razdeljevanja prehrambenih paketov bosta vsaki\u010d objavljeni posebej nekaj dni pred delitvijo na oglasni deski na Cankarjevi cesti 17.\n\n\n<h2><strong>Podro\u010dje dela, ki ga pokriva \u017eupnijska Karitas Koro\u0161ka Bela:<\/strong><\/h2>\n\n\n\n\n<ul>\n \t\n\n<li>razdeljevanje prehrambenih paketov<\/li>\n\n\n \t\n\n<li>obiski in pomo\u010d ostarelim,<\/li>\n\n\n \t\n\n<li>letno sre\u010danje bolnikov, invalidov in ostarelih v \u017eupniji. Navadno prva nedelja v septembru ob 15h.\n\n\n<h2><strong>Podatki:<\/strong><\/h2>\n\n\n<strong>Naslov:<\/strong> \u017dupnijski Karitas Koro\u0161ka Bela\n<a href=\"https:\/\/maps.app.goo.gl\/5w4D3G3kYhUXpyYdA\">Gorska pot 2<\/a>\n4272 Jesenice\n<strong>Predsednik:<\/strong> Peter Nastran\n<strong>Tajnica:<\/strong> Jolanda Komar\n<strong>Telefon:<\/strong> 04\/ 580 60 41, 040 660 956\n<strong>E-po\u0161ta:<\/strong> gore@jesenice.net\n<strong>TRR:<\/strong> SI56 6100 0002 5088 912 , odprt pri Delavska hranilnica d.d., SWIFT BIC KODA: HDELSI22\n<strong>Uradne ure:<\/strong>\u00a0 vsako 1. sredo v mesecu od 16. do 18. ure<\/li>\n\n\n<\/ul>\n\n ----\/>\n<\/p>\n","protected":false},"excerpt":{"rendered":"<p>&#8220;Karkoli ste storili enemu teh mojih najmanj\u0161ih bratov, ste meni storili.&#8221; (Mt 25,40) \u017dupnijska Karitas Koro\u0161ka Bela \u017dupnijska Karitas Koro\u0161ka Bela, ki uresni\u010duje karitativno in socialno poslanstvo Cerkve, je s 1. novembrom 2009 pri\u010dela s samostojno karitativno dejavnostjo. Trenutno je vanjo vklju\u010denih 11 sodelavk. Na\u0161e vodilo je pomagati ljudem v stiski. \u017dupnijska Karitas nudi pomo\u010d &hellip; <\/p>\n<p class=\"link-more\"><a href=\"https:\/\/zupnija-koroska-bela.rkc.si\/index.php\/karitas\/\" class=\"more-link\">Preberi ve\u010d<span class=\"screen-reader-text\"> &#8220;\u017dupnijska Karitas&#8221;<\/span><\/a><\/p>\n","protected":false},"author":1,"featured_media":0,"parent":0,"menu_order":0,"comment_status":"closed","ping_status":"closed","template":"","meta":{"footnotes":""},"class_list":["post-163","page","type-page","status-publish","hentry"],"_links":{"self":[{"href":"https:\/\/zupnija-koroska-bela.rkc.si\/index.php\/wp-json\/wp\/v2\/pages\/163","targetHints":{"allow":["GET"]}}],"collection":[{"href":"https:\/\/zupnija-koroska-bela.rkc.si\/index.php\/wp-json\/wp\/v2\/pages"}],"about":[{"href":"https:\/\/zupnija-koroska-bela.rkc.si\/index.php\/wp-json\/wp\/v2\/types\/page"}],"author":[{"embeddable":true,"href":"https:\/\/zupnija-koroska-bela.rkc.si\/index.php\/wp-json\/wp\/v2\/users\/1"}],"replies":[{"embeddable":true,"href":"https:\/\/zupnija-koroska-bela.rkc.si\/index.php\/wp-json\/wp\/v2\/comments?post=163"}],"version-history":[{"count":8,"href":"https:\/\/zupnija-koroska-bela.rkc.si\/index.php\/wp-json\/wp\/v2\/pages\/163\/revisions"}],"predecessor-version":[{"id":1050,"href":"https:\/\/zupnija-koroska-bela.rkc.si\/index.php\/wp-json\/wp\/v2\/pages\/163\/revisions\/1050"}],"wp:attachment":[{"href":"https:\/\/zupnija-koroska-bela.rkc.si\/index.php\/wp-json\/wp\/v2\/media?parent=163"}],"curies":[{"name":"wp","href":"https:\/\/api.w.org\/{rel}","templated":true}]}}